{"id":961,"date":"2022-01-23T21:58:19","date_gmt":"2022-01-23T19:58:19","guid":{"rendered":"http:\/\/gs-thw-fr.de\/?page_id=961"},"modified":"2022-01-23T22:07:15","modified_gmt":"2022-01-23T20:07:15","slug":"die-vorstandschaft","status":"publish","type":"page","link":"https:\/\/gs-thw-fr.de\/?page_id=961","title":{"rendered":"Die Vorstandschaft"},"content":{"rendered":"\n<p><\/p>\n\n\n\n<figure class=\"wp-block-image size-large\"><img loading=\"lazy\" decoding=\"async\" width=\"1024\" height=\"577\" src=\"http:\/\/gs-thw-fr.de\/wp-content\/uploads\/2022\/01\/A24CE30F-D4BE-40A2-AC8B-ACBD86435587-1024x577.jpeg\" alt=\"\" class=\"wp-image-971\" srcset=\"https:\/\/gs-thw-fr.de\/wp-content\/uploads\/2022\/01\/A24CE30F-D4BE-40A2-AC8B-ACBD86435587-1024x577.jpeg 1024w, https:\/\/gs-thw-fr.de\/wp-content\/uploads\/2022\/01\/A24CE30F-D4BE-40A2-AC8B-ACBD86435587-300x169.jpeg 300w, https:\/\/gs-thw-fr.de\/wp-content\/uploads\/2022\/01\/A24CE30F-D4BE-40A2-AC8B-ACBD86435587-768x433.jpeg 768w, https:\/\/gs-thw-fr.de\/wp-content\/uploads\/2022\/01\/A24CE30F-D4BE-40A2-AC8B-ACBD86435587.jpeg 1516w\" sizes=\"auto, (max-width: 1024px) 100vw, 1024px\" \/><\/figure>\n\n\n\n<p>Von links: Michael Sinz (1. Vorsitzender), Heidi Rothhaar (2. Vorsitzende), Sabrina Br\u00f6del (Kassenwartin), Corinna Jiranek, Sibylle Vicari (beide Kassenpr\u00fcferin), Nina Kiefer, Denise Wilde (beide Beisitzer) und Monika St\u00e4hly (Schriftf\u00fchrerin).<\/p>\n","protected":false},"excerpt":{"rendered":"<p>Von links: Michael Sinz (1. Vorsitzender), Heidi Rothhaar (2. Vorsitzende), Sabrina Br\u00f6del (Kassenwartin), Corinna Jiranek, Sibylle Vicari (beide Kassenpr\u00fcferin), Nina Kiefer, Denise Wilde (beide Beisitzer) und Monika St\u00e4hly (Schriftf\u00fchrerin).<\/p>\n","protected":false},"author":2,"featured_media":0,"parent":0,"menu_order":0,"comment_status":"closed","ping_status":"closed","template":"","meta":{"footnotes":""},"class_list":["post-961","page","type-page","status-publish","hentry"],"_links":{"self":[{"href":"https:\/\/gs-thw-fr.de\/index.php?rest_route=\/wp\/v2\/pages\/961","targetHints":{"allow":["GET"]}}],"collection":[{"href":"https:\/\/gs-thw-fr.de\/index.php?rest_route=\/wp\/v2\/pages"}],"about":[{"href":"https:\/\/gs-thw-fr.de\/index.php?rest_route=\/wp\/v2\/types\/page"}],"author":[{"embeddable":true,"href":"https:\/\/gs-thw-fr.de\/index.php?rest_route=\/wp\/v2\/users\/2"}],"replies":[{"embeddable":true,"href":"https:\/\/gs-thw-fr.de\/index.php?rest_route=%2Fwp%2Fv2%2Fcomments&post=961"}],"version-history":[{"count":2,"href":"https:\/\/gs-thw-fr.de\/index.php?rest_route=\/wp\/v2\/pages\/961\/revisions"}],"predecessor-version":[{"id":972,"href":"https:\/\/gs-thw-fr.de\/index.php?rest_route=\/wp\/v2\/pages\/961\/revisions\/972"}],"wp:attachment":[{"href":"https:\/\/gs-thw-fr.de\/index.php?rest_route=%2Fwp%2Fv2%2Fmedia&parent=961"}],"curies":[{"name":"wp","href":"https:\/\/api.w.org\/{rel}","templated":true}]}}