{"id":958,"date":"2022-01-23T21:54:07","date_gmt":"2022-01-23T19:54:07","guid":{"rendered":"http:\/\/gs-thw-fr.de\/?page_id=958"},"modified":"2022-01-23T21:54:07","modified_gmt":"2022-01-23T19:54:07","slug":"aktuelles-vom-foerderverein","status":"publish","type":"page","link":"https:\/\/gs-thw-fr.de\/?page_id=958","title":{"rendered":"Aktuelles vom F\u00f6rderverein"},"content":{"rendered":"\n<p><\/p>\n\n\n\n<h2 class=\"wp-block-heading\">Nikolaus 2021<\/h2>\n\n\n\n<p>Liebe Eltern,<\/p>\n\n\n\n<p>Alle Jahre wieder &#8230; und so auch in diesem Jahr konnte der F\u00f6rderverein den Schokoladennikolaus f\u00fcr die Kinder organisieren. <\/p>\n\n\n\n<p>Zus\u00e4tzlich vergeben wir an jede Klasse 100\u20ac, mit denen die Lehrer ihre &#8222;Schlechtwetterkiste&#8220; in den R\u00e4umen neu best\u00fccken k\u00f6nnen.<\/p>\n\n\n\n<p>Wir w\u00fcnschen allen Kindern und Ihnen eine sch\u00f6ne Adventszeit und einen guten Start in das neue Jahr.<\/p>\n","protected":false},"excerpt":{"rendered":"<p>Nikolaus 2021 Liebe Eltern, Alle Jahre wieder &#8230; und so auch in diesem Jahr konnte der F\u00f6rderverein den Schokoladennikolaus f\u00fcr die Kinder organisieren. Zus\u00e4tzlich vergeben wir an jede Klasse 100\u20ac, mit denen die Lehrer ihre &#8222;Schlechtwetterkiste&#8220; in den R\u00e4umen neu best\u00fccken k\u00f6nnen. Wir w\u00fcnschen allen Kindern und Ihnen eine sch\u00f6ne Adventszeit und einen guten Start &hellip; <a href=\"https:\/\/gs-thw-fr.de\/?page_id=958\" class=\"more-link\"><span class=\"screen-reader-text\">Aktuelles vom F\u00f6rderverein<\/span> weiterlesen<\/a><\/p>\n","protected":false},"author":2,"featured_media":0,"parent":0,"menu_order":0,"comment_status":"closed","ping_status":"closed","template":"","meta":{"footnotes":""},"class_list":["post-958","page","type-page","status-publish","hentry"],"_links":{"self":[{"href":"https:\/\/gs-thw-fr.de\/index.php?rest_route=\/wp\/v2\/pages\/958","targetHints":{"allow":["GET"]}}],"collection":[{"href":"https:\/\/gs-thw-fr.de\/index.php?rest_route=\/wp\/v2\/pages"}],"about":[{"href":"https:\/\/gs-thw-fr.de\/index.php?rest_route=\/wp\/v2\/types\/page"}],"author":[{"embeddable":true,"href":"https:\/\/gs-thw-fr.de\/index.php?rest_route=\/wp\/v2\/users\/2"}],"replies":[{"embeddable":true,"href":"https:\/\/gs-thw-fr.de\/index.php?rest_route=%2Fwp%2Fv2%2Fcomments&post=958"}],"version-history":[{"count":1,"href":"https:\/\/gs-thw-fr.de\/index.php?rest_route=\/wp\/v2\/pages\/958\/revisions"}],"predecessor-version":[{"id":960,"href":"https:\/\/gs-thw-fr.de\/index.php?rest_route=\/wp\/v2\/pages\/958\/revisions\/960"}],"wp:attachment":[{"href":"https:\/\/gs-thw-fr.de\/index.php?rest_route=%2Fwp%2Fv2%2Fmedia&parent=958"}],"curies":[{"name":"wp","href":"https:\/\/api.w.org\/{rel}","templated":true}]}}