{"id":955,"date":"2022-01-23T21:48:10","date_gmt":"2022-01-23T19:48:10","guid":{"rendered":"http:\/\/gs-thw-fr.de\/?page_id=955"},"modified":"2022-01-23T21:48:10","modified_gmt":"2022-01-23T19:48:10","slug":"der-foerderverein-der-grundschule-thaleischweiler-froeschen-e-v","status":"publish","type":"page","link":"https:\/\/gs-thw-fr.de\/?page_id=955","title":{"rendered":"Der F\u00f6rderverein der Grundschule Thaleischweiler-Fr\u00f6schen (e.V.)"},"content":{"rendered":"\n<p>Wir unterst\u00fctzen den Erziehungs- und Unterrichtsauftrag der Grundschule, indem wir die Finanzierung von verschiedenen schulischen Projekten und Feiern \u00fcbernehmen oder bezuschussen.<\/p>\n\n\n\n<p>Zudem bewirten wir jedes Jahr das Schulfest, um aus dem Gewinn zus\u00e4tzliche Angebote f\u00fcr unsere Kinder realisieren zu k\u00f6nnen.<\/p>\n\n\n\n<p>Unser Verein finanziert sich \u00fcberwiegend aus Mitgliedsbeitr\u00e4gen, Spenden und dem Schulfest.<\/p>\n\n\n\n<p><strong>Neue Mitglieder sind jederzeit willkommen, denn dadurch k\u00f6nnen wir unseren Kindern tolle Projekte und zus\u00e4tzliche Ausfl\u00fcge w\u00e4hrend ihrer Grundschulzeit erm\u00f6glichen!<\/strong><\/p>\n","protected":false},"excerpt":{"rendered":"<p>Wir unterst\u00fctzen den Erziehungs- und Unterrichtsauftrag der Grundschule, indem wir die Finanzierung von verschiedenen schulischen Projekten und Feiern \u00fcbernehmen oder bezuschussen. Zudem bewirten wir jedes Jahr das Schulfest, um aus dem Gewinn zus\u00e4tzliche Angebote f\u00fcr unsere Kinder realisieren zu k\u00f6nnen. Unser Verein finanziert sich \u00fcberwiegend aus Mitgliedsbeitr\u00e4gen, Spenden und dem Schulfest. Neue Mitglieder sind jederzeit &hellip; <a href=\"https:\/\/gs-thw-fr.de\/?page_id=955\" class=\"more-link\"><span class=\"screen-reader-text\">Der F\u00f6rderverein der Grundschule Thaleischweiler-Fr\u00f6schen (e.V.)<\/span> weiterlesen<\/a><\/p>\n","protected":false},"author":2,"featured_media":0,"parent":0,"menu_order":0,"comment_status":"closed","ping_status":"closed","template":"","meta":{"footnotes":""},"class_list":["post-955","page","type-page","status-publish","hentry"],"_links":{"self":[{"href":"https:\/\/gs-thw-fr.de\/index.php?rest_route=\/wp\/v2\/pages\/955","targetHints":{"allow":["GET"]}}],"collection":[{"href":"https:\/\/gs-thw-fr.de\/index.php?rest_route=\/wp\/v2\/pages"}],"about":[{"href":"https:\/\/gs-thw-fr.de\/index.php?rest_route=\/wp\/v2\/types\/page"}],"author":[{"embeddable":true,"href":"https:\/\/gs-thw-fr.de\/index.php?rest_route=\/wp\/v2\/users\/2"}],"replies":[{"embeddable":true,"href":"https:\/\/gs-thw-fr.de\/index.php?rest_route=%2Fwp%2Fv2%2Fcomments&post=955"}],"version-history":[{"count":1,"href":"https:\/\/gs-thw-fr.de\/index.php?rest_route=\/wp\/v2\/pages\/955\/revisions"}],"predecessor-version":[{"id":957,"href":"https:\/\/gs-thw-fr.de\/index.php?rest_route=\/wp\/v2\/pages\/955\/revisions\/957"}],"wp:attachment":[{"href":"https:\/\/gs-thw-fr.de\/index.php?rest_route=%2Fwp%2Fv2%2Fmedia&parent=955"}],"curies":[{"name":"wp","href":"https:\/\/api.w.org\/{rel}","templated":true}]}}