{"id":39,"date":"2018-08-03T20:55:29","date_gmt":"2018-08-03T20:55:29","guid":{"rendered":"http:\/\/gs-thw-fr.de\/?page_id=39"},"modified":"2023-10-27T12:15:06","modified_gmt":"2023-10-27T10:15:06","slug":"das-kollegium","status":"publish","type":"page","link":"https:\/\/gs-thw-fr.de\/?page_id=39","title":{"rendered":"Das Kollegium"},"content":{"rendered":"\n<p><strong>Schulleitung:<\/strong> Bernd Schatzmann<\/p>\n\n\n\n<p><strong>Konrektorin<\/strong>: Anja Br\u00e4uer<\/p>\n\n\n\n<p><strong>Lehrkr\u00e4fte:<\/strong><\/p>\n\n\n\n<p>Klasse 1a: Bettina Glahn-Peiser<\/p>\n\n\n\n<p>Klasse 1b: Ulrike Guterl<\/p>\n\n\n\n<p>Klasse 1c: Carsten B\u00f6hm<\/p>\n\n\n\n<p>Klasse 2a: Vanessa Amend<\/p>\n\n\n\n<p>Klasse 2b: Eva Abel<\/p>\n\n\n\n<p>Klasse 3a: Sascha B\u00f6ttcher<\/p>\n\n\n\n<p>Klasse 3b: Margit Dorst<\/p>\n\n\n\n<p>Klasse 3c: Rebecca Stauder<\/p>\n\n\n\n<p>Klasse 4a: Andrea Kuhlbusch<\/p>\n\n\n\n<p>Klasse 4b: Melanie Bischoff<\/p>\n\n\n\n<p>Klasse 4c: Kathrin Sobotta-Voigt<\/p>\n\n\n\n<p><strong>F\u00f6rderlehrerin:<\/strong> Alexandra Martin<\/p>\n\n\n\n<p><strong>weitere Lehrkr\u00e4fte:<\/strong> <\/p>\n\n\n\n<p>Irina Claren (Lehrerin), Deborah Palomba-Comandatore (Lehramtsanw\u00e4rterin), Laura Metz (Lehramtsanw\u00e4rterin), Steffi Peifer (P\u00e4dagogische Fachkraft), Julia Fischer (Vertretungslehrerin), Lina Peifer (PES-Kraft)<\/p>\n\n\n\n<p><strong>Freiwilliges Soziales Jahr (FSJ)<\/strong>: Frau Letzelter, Frau Stein<\/p>\n\n\n\n<p> <strong>Sekret\u00e4rin:<\/strong> Corina Georgi<\/p>\n\n\n\n<p><strong>Hausmeister:<\/strong> Andreas Ehrhardt<\/p>\n\n\n\n<p><strong>GTS-Personal:<\/strong> Frau M\u00fcller, Frau Reinhard, Herr Kettenring, Frau Schaaff, Frau Bischof, Herr Sch\u00f6fer, Herr Dorst, Herr Vogl, Frau Kulakova<\/p>\n\n\n\n<p><strong>Betreuungspersonal:<\/strong> Frau H\u00f6h, Frau Schaaff<\/p>\n\n\n\n<p><strong>Hauswirtschafterinnen:<\/strong> Frau Weis, Frau Noll, Frau Lehmann<\/p>\n\n\n\n<p><strong>Schulsozialarbeiter<\/strong> Andreas Schr\u00f6der (Mo 10.30 Uhr &#8211; 12.30 Uhr)<\/p>\n","protected":false},"excerpt":{"rendered":"<p>Schulleitung: Bernd Schatzmann Konrektorin: Anja Br\u00e4uer Lehrkr\u00e4fte: Klasse 1a: Bettina Glahn-Peiser Klasse 1b: Ulrike Guterl Klasse 1c: Carsten B\u00f6hm Klasse 2a: Vanessa Amend Klasse 2b: Eva Abel Klasse 3a: Sascha B\u00f6ttcher Klasse 3b: Margit Dorst Klasse 3c: Rebecca Stauder Klasse 4a: Andrea Kuhlbusch Klasse 4b: Melanie Bischoff Klasse 4c: Kathrin Sobotta-Voigt F\u00f6rderlehrerin: Alexandra Martin weitere &hellip; <a href=\"https:\/\/gs-thw-fr.de\/?page_id=39\" class=\"more-link\"><span class=\"screen-reader-text\">Das Kollegium<\/span> weiterlesen<\/a><\/p>\n","protected":false},"author":1,"featured_media":0,"parent":28,"menu_order":0,"comment_status":"closed","ping_status":"closed","template":"","meta":{"footnotes":""},"class_list":["post-39","page","type-page","status-publish","hentry"],"_links":{"self":[{"href":"https:\/\/gs-thw-fr.de\/index.php?rest_route=\/wp\/v2\/pages\/39","targetHints":{"allow":["GET"]}}],"collection":[{"href":"https:\/\/gs-thw-fr.de\/index.php?rest_route=\/wp\/v2\/pages"}],"about":[{"href":"https:\/\/gs-thw-fr.de\/index.php?rest_route=\/wp\/v2\/types\/page"}],"author":[{"embeddable":true,"href":"https:\/\/gs-thw-fr.de\/index.php?rest_route=\/wp\/v2\/users\/1"}],"replies":[{"embeddable":true,"href":"https:\/\/gs-thw-fr.de\/index.php?rest_route=%2Fwp%2Fv2%2Fcomments&post=39"}],"version-history":[{"count":13,"href":"https:\/\/gs-thw-fr.de\/index.php?rest_route=\/wp\/v2\/pages\/39\/revisions"}],"predecessor-version":[{"id":1101,"href":"https:\/\/gs-thw-fr.de\/index.php?rest_route=\/wp\/v2\/pages\/39\/revisions\/1101"}],"up":[{"embeddable":true,"href":"https:\/\/gs-thw-fr.de\/index.php?rest_route=\/wp\/v2\/pages\/28"}],"wp:attachment":[{"href":"https:\/\/gs-thw-fr.de\/index.php?rest_route=%2Fwp%2Fv2%2Fmedia&parent=39"}],"curies":[{"name":"wp","href":"https:\/\/api.w.org\/{rel}","templated":true}]}}