{"id":28,"date":"2018-08-02T19:51:18","date_gmt":"2018-08-02T19:51:18","guid":{"rendered":"http:\/\/gs-thw-fr.de\/?page_id=28"},"modified":"2023-09-04T21:26:04","modified_gmt":"2023-09-04T19:26:04","slug":"unsere-schule","status":"publish","type":"page","link":"http:\/\/gs-thw-fr.de\/?page_id=28","title":{"rendered":"Unsere Schule"},"content":{"rendered":"\n<p>Unsere Grundschule liegt in einem ruhigen Wohngebiet mitten in Thaleischweiler-Fr\u00f6schen.<\/p>\n\n\n\n<p>Im Schuljahr 2023\/2024 besuchen 210 Sch\u00fcler und Sch\u00fclerinnen aus den Gemeinden Thaleischweiler-Fr\u00f6schen, H\u00f6hfr\u00f6schen, Petersberg und H\u00f6heischweiler unsere Schule. Das Ganztagsangebot wird von 90 Kindern, die Betreuende Grundschule von 67 (freitags 110) Kindern genutzt.<\/p>\n","protected":false},"excerpt":{"rendered":"<p>Unsere Grundschule liegt in einem ruhigen Wohngebiet mitten in Thaleischweiler-Fr\u00f6schen. Im Schuljahr 2023\/2024 besuchen 210 Sch\u00fcler und Sch\u00fclerinnen aus den Gemeinden Thaleischweiler-Fr\u00f6schen, H\u00f6hfr\u00f6schen, Petersberg und H\u00f6heischweiler unsere Schule. Das Ganztagsangebot wird von 90 Kindern, die Betreuende Grundschule von 67 (freitags 110) Kindern genutzt.<\/p>\n","protected":false},"author":1,"featured_media":0,"parent":0,"menu_order":0,"comment_status":"closed","ping_status":"closed","template":"","meta":{"footnotes":""},"class_list":["post-28","page","type-page","status-publish","hentry"],"_links":{"self":[{"href":"http:\/\/gs-thw-fr.de\/index.php?rest_route=\/wp\/v2\/pages\/28","targetHints":{"allow":["GET"]}}],"collection":[{"href":"http:\/\/gs-thw-fr.de\/index.php?rest_route=\/wp\/v2\/pages"}],"about":[{"href":"http:\/\/gs-thw-fr.de\/index.php?rest_route=\/wp\/v2\/types\/page"}],"author":[{"embeddable":true,"href":"http:\/\/gs-thw-fr.de\/index.php?rest_route=\/wp\/v2\/users\/1"}],"replies":[{"embeddable":true,"href":"http:\/\/gs-thw-fr.de\/index.php?rest_route=%2Fwp%2Fv2%2Fcomments&post=28"}],"version-history":[{"count":8,"href":"http:\/\/gs-thw-fr.de\/index.php?rest_route=\/wp\/v2\/pages\/28\/revisions"}],"predecessor-version":[{"id":1094,"href":"http:\/\/gs-thw-fr.de\/index.php?rest_route=\/wp\/v2\/pages\/28\/revisions\/1094"}],"wp:attachment":[{"href":"http:\/\/gs-thw-fr.de\/index.php?rest_route=%2Fwp%2Fv2%2Fmedia&parent=28"}],"curies":[{"name":"wp","href":"https:\/\/api.w.org\/{rel}","templated":true}]}}