{"id":107,"date":"2018-08-04T20:24:38","date_gmt":"2018-08-04T20:24:38","guid":{"rendered":"http:\/\/gs-thw-fr.de\/?page_id=107"},"modified":"2023-09-04T21:20:31","modified_gmt":"2023-09-04T19:20:31","slug":"ganztagsschule","status":"publish","type":"page","link":"http:\/\/gs-thw-fr.de\/?page_id=107","title":{"rendered":"Ganztagsschule"},"content":{"rendered":"\n<p>Das Angebot der Ganztagsschule (GTS) erstreckt sich von Montag bis Donnerstag jeweils bis 15.40 Uhr.<\/p>\n\n\n\n<p>Es beinhaltet:<\/p>\n\n\n\n<ul class=\"wp-block-list\">\n<li>Betreuung von Spielphasen<\/li>\n\n\n\n<li>gemeinsames Mittagessen<\/li>\n\n\n\n<li>angeleitete Hausaufgabenbetreuung<\/li>\n\n\n\n<li>individuelle F\u00f6rderma\u00dfnahmen<\/li>\n\n\n\n<li>Arbeitsgemeinschaften<\/li>\n<\/ul>\n\n\n\n<p><strong>10 Argumente f\u00fcr unser Engagement in der Ganztagsschule:<\/strong><\/p>\n\n\n\n<ol class=\"wp-block-list\">\n<li>Vereinbarung von Kindererziehung und Berufst\u00e4tigkeit<\/li>\n\n\n\n<li>Gr\u00f6\u00dfere Hilfen f\u00fcr sozialkulturell benachteiligte Kinder (Chancengleichheit)<\/li>\n\n\n\n<li>Integration ausl\u00e4ndischer Sch\u00fcler<\/li>\n\n\n\n<li>Hilfen bei Hausaufgaben oder Lernproblemen<\/li>\n\n\n\n<li>F\u00f6rderung von besonderen Begabungen<\/li>\n\n\n\n<li>Zeit zum Spielen und Toben mit Gleichaltrigen<\/li>\n\n\n\n<li>Sinnvolle Freizeitgestaltung<\/li>\n\n\n\n<li>Zeit mit und f\u00fcr andere in der Gemeinschaft<\/li>\n\n\n\n<li>\u00dcbernahme von Verantwortung f\u00fcr die Gemeinschaft<\/li>\n\n\n\n<li>Aufbau eines st\u00e4rkeren Vertrauensverh\u00e4ltnisses zwischen Lehrern und Sch\u00fclern<\/li>\n<\/ol>\n\n\n\n<p><strong>Mittagessen<\/strong><\/p>\n\n\n\n<p>Das Mittagessen nehmen die Kinder unter Aufsicht einer p\u00e4dagogischen Fachkraftbzw. einer freien Mitarbeiterin ein. Das Essen wird z.Z. von der Pfalzlounge geliefert. W\u00e4hrend des Essens haben die Kinder eine feste Tischgruppe und einen festen Tischplatz. Die einzelnen Gruppen holen sich nacheinander ihr Essen und r\u00e4umen ihr Geschirr sp\u00e4ter selbst\u00e4ndig weg. W\u00e4hrend des Essens besteht eine \u201eEssensruhe\u201c. Nach dem Essen gehen die Kinder in eine&nbsp;beaufsichtigte Hofpause. Hier stehen ihnen Tischtennisplatte, Basketballanlage, Fu\u00dfballplatz, Fahrzeuge, diverse andere Spielger\u00e4te sowie eine Ruhezone zur Verf\u00fcgung.<\/p>\n\n\n\n<p><strong>Hausaufgabenbetreuung<\/strong><\/p>\n\n\n\n<p>Die Hausaufgabenbetreuung findet in festen Gruppen getrennt nach Klassenstufen statt. Sie wird von Lehrkr\u00e4ften und einer p\u00e4dagogischen Fachkraft durchgef\u00fchrt.<br>Das F\u00fchren eines Hausaufgabenheftes ist f\u00fcr alle Ganztagssch\u00fcler Pflicht. Es dient auch als Mitteilungsheft f\u00fcr die Vormittags- und Nachmittagslehrkr\u00e4fte sowie f\u00fcr die Eltern und wird jeweils abgezeichnet. Im Hausaufgabenraum herrscht eine ruhige Arbeitsatmosph\u00e4re. Die Sch\u00fcler erhalten, soweit erforderlich, Hilfestellung. Die Lehrkr\u00e4fte \u00fcberpr\u00fcfen die Hausaufgaben auf Vollst\u00e4ndigkeit und zeichnen diese mit einem H\u00e4kchen ab. Soweit gen\u00fcgend Zeit zur Verf\u00fcgung steht, kontrollieren sie auch die Richtigkeit und kennzeichnen diese mit einem K\u00fcrzel.<\/p>\n\n\n\n<p><strong>Arbeitsgemeinschaften<\/strong><\/p>\n\n\n\n<p>Nach einem langen und anstrengenden Schultag sollen die Sch\u00fcler und Sch\u00fclerinnnen hier die M\u00f6glichkeit haben, sich zu entspannen bzw. auszutoben. Daher stehen sportliche und kreative Aktivit\u00e4ten im Vordergrund.<\/p>\n\n\n\n<p>Die Arbeitsgemeinschaften finden in den gleichen Gruppen statt, wie die Hausaufgaben. Solange Maskengebot im Saal gilt, versuchen wir m\u00f6glichst viel Zeit im Freien zu verbringen. Da die Kinder keine AG w\u00e4hlen k\u00f6nnen, bieten die AG-Leiter verschiedene Aktivit\u00e4ten an aus denen die Kinder w\u00e4hlen k\u00f6nnen.<\/p>\n\n\n\n<p class=\"has-medium-font-size\"><strong>Personal<\/strong><\/p>\n\n\n\n<p>Zur Zeit arbeiten folgende Personen bei uns im GTS-Betrieb:<\/p>\n\n\n\n<p>P\u00e4dagogische Fachkraft: Frau Anna-Lena M\u00fcller<\/p>\n\n\n\n<p>Honorarkr\u00e4fte: <\/p>\n\n\n\n<ul class=\"wp-block-list\">\n<li>Frau Reinhard<\/li>\n\n\n\n<li>Frau Schaaff<\/li>\n\n\n\n<li>Frau Bischof<\/li>\n\n\n\n<li>Herr Kettenring<\/li>\n\n\n\n<li>Herr Sch\u00f6fer<\/li>\n\n\n\n<li>Herr Dorst<\/li>\n\n\n\n<li>Herr Vogl<\/li>\n\n\n\n<li>Frau Kulakova<\/li>\n<\/ul>\n\n\n\n<p><\/p>\n\n\n\n<p><\/p>\n","protected":false},"excerpt":{"rendered":"<p>Das Angebot der Ganztagsschule (GTS) erstreckt sich von Montag bis Donnerstag jeweils bis 15.40 Uhr. Es beinhaltet: 10 Argumente f\u00fcr unser Engagement in der Ganztagsschule: Mittagessen Das Mittagessen nehmen die Kinder unter Aufsicht einer p\u00e4dagogischen Fachkraftbzw. einer freien Mitarbeiterin ein. Das Essen wird z.Z. von der Pfalzlounge geliefert. W\u00e4hrend des Essens haben die Kinder eine &hellip; <a href=\"http:\/\/gs-thw-fr.de\/?page_id=107\" class=\"more-link\"><span class=\"screen-reader-text\">Ganztagsschule<\/span> weiterlesen<\/a><\/p>\n","protected":false},"author":1,"featured_media":0,"parent":0,"menu_order":0,"comment_status":"closed","ping_status":"closed","template":"","meta":{"footnotes":""},"class_list":["post-107","page","type-page","status-publish","hentry"],"_links":{"self":[{"href":"http:\/\/gs-thw-fr.de\/index.php?rest_route=\/wp\/v2\/pages\/107","targetHints":{"allow":["GET"]}}],"collection":[{"href":"http:\/\/gs-thw-fr.de\/index.php?rest_route=\/wp\/v2\/pages"}],"about":[{"href":"http:\/\/gs-thw-fr.de\/index.php?rest_route=\/wp\/v2\/types\/page"}],"author":[{"embeddable":true,"href":"http:\/\/gs-thw-fr.de\/index.php?rest_route=\/wp\/v2\/users\/1"}],"replies":[{"embeddable":true,"href":"http:\/\/gs-thw-fr.de\/index.php?rest_route=%2Fwp%2Fv2%2Fcomments&post=107"}],"version-history":[{"count":8,"href":"http:\/\/gs-thw-fr.de\/index.php?rest_route=\/wp\/v2\/pages\/107\/revisions"}],"predecessor-version":[{"id":1090,"href":"http:\/\/gs-thw-fr.de\/index.php?rest_route=\/wp\/v2\/pages\/107\/revisions\/1090"}],"wp:attachment":[{"href":"http:\/\/gs-thw-fr.de\/index.php?rest_route=%2Fwp%2Fv2%2Fmedia&parent=107"}],"curies":[{"name":"wp","href":"https:\/\/api.w.org\/{rel}","templated":true}]}}